{"id":1637,"date":"2021-11-23T11:35:05","date_gmt":"2021-11-23T11:35:05","guid":{"rendered":"https:\/\/teknopro.com.tr\/services\/start-up\/"},"modified":"2022-03-05T22:14:04","modified_gmt":"2022-03-05T22:14:04","slug":"start-up","status":"publish","type":"page","link":"https:\/\/teknopro.com.tr\/en\/services\/start-up\/","title":{"rendered":"Start Up"},"content":{"rendered":"\t\t<div data-elementor-type=\"wp-page\" data-elementor-id=\"1637\" class=\"elementor elementor-1637 elementor-712\" data-elementor-settings=\"{&quot;element_pack_global_tooltip_width&quot;:{&quot;unit&quot;:&quot;px&quot;,&quot;size&quot;:&quot;&quot;,&quot;sizes&quot;:[]},&quot;element_pack_global_tooltip_width_tablet&quot;:{&quot;unit&quot;:&quot;px&quot;,&quot;size&quot;:&quot;&quot;,&quot;sizes&quot;:[]},&quot;element_pack_global_tooltip_width_mobile&quot;:{&quot;unit&quot;:&quot;px&quot;,&quot;size&quot;:&quot;&quot;,&quot;sizes&quot;:[]},&quot;element_pack_global_tooltip_padding&quot;:{&quot;unit&quot;:&quot;px&quot;,&quot;top&quot;:&quot;&quot;,&quot;right&quot;:&quot;&quot;,&quot;bottom&quot;:&quot;&quot;,&quot;left&quot;:&quot;&quot;,&quot;isLinked&quot;:true},&quot;element_pack_global_tooltip_padding_tablet&quot;:{&quot;unit&quot;:&quot;px&quot;,&quot;top&quot;:&quot;&quot;,&quot;right&quot;:&quot;&quot;,&quot;bottom&quot;:&quot;&quot;,&quot;left&quot;:&quot;&quot;,&quot;isLinked&quot;:true},&quot;element_pack_global_tooltip_padding_mobile&quot;:{&quot;unit&quot;:&quot;px&quot;,&quot;top&quot;:&quot;&quot;,&quot;right&quot;:&quot;&quot;,&quot;bottom&quot;:&quot;&quot;,&quot;left&quot;:&quot;&quot;,&quot;isLinked&quot;:true},&quot;element_pack_global_tooltip_border_radius&quot;:{&quot;unit&quot;:&quot;px&quot;,&quot;top&quot;:&quot;&quot;,&quot;right&quot;:&quot;&quot;,&quot;bottom&quot;:&quot;&quot;,&quot;left&quot;:&quot;&quot;,&quot;isLinked&quot;:true},&quot;element_pack_global_tooltip_border_radius_tablet&quot;:{&quot;unit&quot;:&quot;px&quot;,&quot;top&quot;:&quot;&quot;,&quot;right&quot;:&quot;&quot;,&quot;bottom&quot;:&quot;&quot;,&quot;left&quot;:&quot;&quot;,&quot;isLinked&quot;:true},&quot;element_pack_global_tooltip_border_radius_mobile&quot;:{&quot;unit&quot;:&quot;px&quot;,&quot;top&quot;:&quot;&quot;,&quot;right&quot;:&quot;&quot;,&quot;bottom&quot;:&quot;&quot;,&quot;left&quot;:&quot;&quot;,&quot;isLinked&quot;:true}}\" data-elementor-post-type=\"page\">\n\t\t\t\t\t\t<section class=\"elementor-section elementor-top-section elementor-element elementor-element-49e5f45 elementor-section-boxed elementor-section-height-default elementor-section-height-default\" data-id=\"49e5f45\" data-element_type=\"section\" data-e-type=\"section\" data-settings=\"{&quot;animation&quot;:&quot;none&quot;}\">\n\t\t\t\t\t\t<div class=\"elementor-container elementor-column-gap-default\">\n\t\t\t\t\t<div class=\"elementor-column elementor-col-100 elementor-top-column elementor-element elementor-element-b26cdba\" data-id=\"b26cdba\" data-element_type=\"column\" data-e-type=\"column\">\n\t\t\t<div class=\"elementor-widget-wrap elementor-element-populated\">\n\t\t\t\t\t\t<div class=\"elementor-element elementor-element-9a39c0c elementor-widget elementor-widget-text-editor\" data-id=\"9a39c0c\" data-element_type=\"widget\" data-e-type=\"widget\" data-widget_type=\"text-editor.default\">\n\t\t\t\t<div class=\"elementor-widget-container\">\n\t\t\t\t\t\t\t\t\t<p>TeknoPro A.\u015e. is able to serve its customers in the processes covering all systems and components within the facility in industrial facility installations, facility design, installation, testing phase, commissioning, and maintenance processes based on the operational requirements of the end-user.<\/p>\t\t\t\t\t\t\t\t<\/div>\n\t\t\t\t<\/div>\n\t\t\t\t\t<\/div>\n\t\t<\/div>\n\t\t\t\t\t<\/div>\n\t\t<\/section>\n\t\t\t\t<section class=\"elementor-section elementor-top-section elementor-element elementor-element-b3e9ccd elementor-section-boxed elementor-section-height-default elementor-section-height-default\" data-id=\"b3e9ccd\" data-element_type=\"section\" data-e-type=\"section\">\n\t\t\t\t\t\t<div class=\"elementor-container elementor-column-gap-default\">\n\t\t\t\t\t<div class=\"elementor-column elementor-col-100 elementor-top-column elementor-element elementor-element-78cc37e\" data-id=\"78cc37e\" data-element_type=\"column\" data-e-type=\"column\">\n\t\t\t<div class=\"elementor-widget-wrap elementor-element-populated\">\n\t\t\t\t\t\t<div class=\"elementor-element elementor-element-5c6d1d2 elementor-widget elementor-widget-bdt-advanced-image-gallery\" data-id=\"5c6d1d2\" data-element_type=\"widget\" data-e-type=\"widget\" data-widget_type=\"bdt-advanced-image-gallery.default\">\n\t\t\t\t<div class=\"elementor-widget-container\">\n\t\t\t\t\t\t\t<div id=\"bdt-avdg-5c6d1d2\" class=\"bdt-ep-advanced-image-gallery bdt-ep-advanced-image-gallery-skin-default bdt-grid bdt-grid-small bdt-child-width-1-1 bdt-child-width-1-3@s bdt-child-width-1-1@m\" data-bdt-grid=\"\" data-bdt-lightbox=\"animation: slide;\" data-settings=\"{&quot;id&quot;:&quot;#bdt-avdg-5c6d1d2&quot;,&quot;tiltShow&quot;:false}\">\n\t\t\t\n\t\t\t\t<div class=\"bdt-ep-advanced-image-gallery-item bdt-transition-toggle\">\n\t\t\t\t\t<div class=\"bdt-ep-advanced-image-gallery-inner\">\n\t\t\t\t\t\t<div class=\"bdt-ep-advanced-image-gallery-thumbnail bdt-transition-toggle\"><img fetchpriority=\"high\" width=\"1024\" height=\"768\" src=\"https:\/\/teknopro.com.tr\/wp-content\/uploads\/2021\/11\/teknopro-hakkimizda-startup.jpg\" class=\"jgalleryImage\" alt=\"teknopro-hakkimizda-startup\" decoding=\"async\" srcset=\"https:\/\/teknopro.com.tr\/wp-content\/uploads\/2021\/11\/teknopro-hakkimizda-startup.jpg 1024w, https:\/\/teknopro.com.tr\/wp-content\/uploads\/2021\/11\/teknopro-hakkimizda-startup-300x225.jpg 300w, https:\/\/teknopro.com.tr\/wp-content\/uploads\/2021\/11\/teknopro-hakkimizda-startup-768x576.jpg 768w\" sizes=\"(max-width: 1024px) 100vw, 1024px\" \/><\/div>\t\t<div class=\"bdt-position-cover bdt-overlay bdt-overlay-default bdt-transition-fade\">\n\t\t\t<div class=\"bdt-ep-advanced-image-gallery-content\">\n\t\t\t\t<div class=\"bdt-ep-advanced-image-gallery-content-inner\">\n\n\t\t\t\t\t\t\t\t\t\t\t\t\t\t\t\t<div class=\"bdt-flex-inline bdt-ep-advanced-image-gallery-item-link-wrapper\">\n\t\t\t\t\t\t\t<a class=\"bdt-ep-advanced-image-gallery-item-link elementor-clickable icon-type-icon \" data-elementor-open-lightbox=\"no\" data-caption=\"\" data-href=\"https:\/\/teknopro.com.tr\/wp-content\/uploads\/2021\/11\/teknopro-hakkimizda-startup.jpg\">\n\t\t\t\t\t\t\t\t\n\t\t\t\t\t\t\t\t\t\t\t\t\t\t\t\t\t\t\t<span>\n\t\t\t\t\t\t\t\t\t\t\t<i class=\"ep-icon-plus-2\"><\/i>\n\t\t\t\t\t\t\t\t\t\t<\/span>\n\t\t\t\t\t\t\t\t\t\n\t\t\t\t\t\t\t\t\t\t\t\t\t\t\t<\/a>\n\t\t\t\t\t\t<\/div>\n\t\t\t\t\t\n\t\t\t\t\t\t\t\t\t<\/div>\n\t\t\t<\/div>\n\t\t<\/div>\n\t\t\t\t\t<\/div>\n\t\t\t\t\t\t\t\t\t<\/div>\n\n\t\t\t\t\t<\/div>\n\t\t\t\t\t<\/div>\n\t\t\t\t<\/div>\n\t\t\t\t\t<\/div>\n\t\t<\/div>\n\t\t\t\t\t<\/div>\n\t\t<\/section>\n\t\t\t\t<\/div>\n\t\t","protected":false},"excerpt":{"rendered":"<p>TeknoPro A.\u015e. is able to serve its customers in the processes covering all systems and components within the facility in industrial facility installations, facility design, installation, testing phase, commissioning, and maintenance processes based on the operational requirements of the end-user.<\/p>\n","protected":false},"author":1,"featured_media":1514,"parent":1617,"menu_order":0,"comment_status":"closed","ping_status":"closed","template":"","meta":{"footnotes":""},"class_list":["post-1637","page","type-page","status-publish","has-post-thumbnail","hentry"],"yoast_head":"<!-- This site is optimized with the Yoast SEO plugin v27.4 - https:\/\/yoast.com\/product\/yoast-seo-wordpress\/ -->\n<title>Start Up - TeknoPro<\/title>\n<meta name=\"robots\" content=\"index, follow, max-snippet:-1, max-image-preview:large, max-video-preview:-1\" \/>\n<link rel=\"canonical\" href=\"https:\/\/teknopro.com.tr\/en\/services\/start-up\/\" \/>\n<meta property=\"og:locale\" content=\"en_US\" \/>\n<meta property=\"og:type\" content=\"article\" \/>\n<meta property=\"og:title\" content=\"Start Up - TeknoPro\" \/>\n<meta property=\"og:description\" content=\"TeknoPro A.\u015e. is able to serve its customers in the processes covering all systems and components within the facility in industrial facility installations, facility design, installation, testing phase, commissioning, and maintenance processes based on the operational requirements of the end-user.\" \/>\n<meta property=\"og:url\" content=\"https:\/\/teknopro.com.tr\/en\/services\/start-up\/\" \/>\n<meta property=\"og:site_name\" content=\"TeknoPro\" \/>\n<meta property=\"article:modified_time\" content=\"2022-03-05T22:14:04+00:00\" \/>\n<meta property=\"og:image\" content=\"https:\/\/teknopro.com.tr\/wp-content\/uploads\/2021\/11\/teknopro-hakkimizda-startup-banner.png\" \/>\n\t<meta property=\"og:image:width\" content=\"1920\" \/>\n\t<meta property=\"og:image:height\" content=\"319\" \/>\n\t<meta property=\"og:image:type\" content=\"image\/png\" \/>\n<meta name=\"twitter:card\" content=\"summary_large_image\" \/>\n<meta name=\"twitter:label1\" content=\"Est. reading time\" \/>\n\t<meta name=\"twitter:data1\" content=\"1 minute\" \/>\n<script type=\"application\/ld+json\" class=\"yoast-schema-graph\">{\"@context\":\"https:\\\/\\\/schema.org\",\"@graph\":[{\"@type\":\"WebPage\",\"@id\":\"https:\\\/\\\/teknopro.com.tr\\\/en\\\/services\\\/start-up\\\/\",\"url\":\"https:\\\/\\\/teknopro.com.tr\\\/en\\\/services\\\/start-up\\\/\",\"name\":\"Start Up - TeknoPro\",\"isPartOf\":{\"@id\":\"https:\\\/\\\/teknopro.com.tr\\\/#website\"},\"primaryImageOfPage\":{\"@id\":\"https:\\\/\\\/teknopro.com.tr\\\/en\\\/services\\\/start-up\\\/#primaryimage\"},\"image\":{\"@id\":\"https:\\\/\\\/teknopro.com.tr\\\/en\\\/services\\\/start-up\\\/#primaryimage\"},\"thumbnailUrl\":\"https:\\\/\\\/teknopro.com.tr\\\/wp-content\\\/uploads\\\/2021\\\/11\\\/teknopro-hakkimizda-startup-banner.png\",\"datePublished\":\"2021-11-23T11:35:05+00:00\",\"dateModified\":\"2022-03-05T22:14:04+00:00\",\"breadcrumb\":{\"@id\":\"https:\\\/\\\/teknopro.com.tr\\\/en\\\/services\\\/start-up\\\/#breadcrumb\"},\"inLanguage\":\"en-US\",\"potentialAction\":[{\"@type\":\"ReadAction\",\"target\":[\"https:\\\/\\\/teknopro.com.tr\\\/en\\\/services\\\/start-up\\\/\"]}]},{\"@type\":\"ImageObject\",\"inLanguage\":\"en-US\",\"@id\":\"https:\\\/\\\/teknopro.com.tr\\\/en\\\/services\\\/start-up\\\/#primaryimage\",\"url\":\"https:\\\/\\\/teknopro.com.tr\\\/wp-content\\\/uploads\\\/2021\\\/11\\\/teknopro-hakkimizda-startup-banner.png\",\"contentUrl\":\"https:\\\/\\\/teknopro.com.tr\\\/wp-content\\\/uploads\\\/2021\\\/11\\\/teknopro-hakkimizda-startup-banner.png\",\"width\":1920,\"height\":319},{\"@type\":\"BreadcrumbList\",\"@id\":\"https:\\\/\\\/teknopro.com.tr\\\/en\\\/services\\\/start-up\\\/#breadcrumb\",\"itemListElement\":[{\"@type\":\"ListItem\",\"position\":1,\"name\":\"Home\",\"item\":\"https:\\\/\\\/teknopro.com.tr\\\/\"},{\"@type\":\"ListItem\",\"position\":2,\"name\":\"Services\",\"item\":\"https:\\\/\\\/teknopro.com.tr\\\/en\\\/services\\\/\"},{\"@type\":\"ListItem\",\"position\":3,\"name\":\"Start Up\"}]},{\"@type\":\"WebSite\",\"@id\":\"https:\\\/\\\/teknopro.com.tr\\\/#website\",\"url\":\"https:\\\/\\\/teknopro.com.tr\\\/\",\"name\":\"TeknoPro\",\"description\":\"M\u00fchendislik ve End\u00fcstri Tesisleri \u00dcretimi A.\u015e.\",\"publisher\":{\"@id\":\"https:\\\/\\\/teknopro.com.tr\\\/#organization\"},\"potentialAction\":[{\"@type\":\"SearchAction\",\"target\":{\"@type\":\"EntryPoint\",\"urlTemplate\":\"https:\\\/\\\/teknopro.com.tr\\\/?s={search_term_string}\"},\"query-input\":{\"@type\":\"PropertyValueSpecification\",\"valueRequired\":true,\"valueName\":\"search_term_string\"}}],\"inLanguage\":\"en-US\"},{\"@type\":\"Organization\",\"@id\":\"https:\\\/\\\/teknopro.com.tr\\\/#organization\",\"name\":\"Teknopro M\u00fchendislik ve End\u00fcstri Tesisleri \u00dcretimi A.\u015e.\",\"url\":\"https:\\\/\\\/teknopro.com.tr\\\/\",\"logo\":{\"@type\":\"ImageObject\",\"inLanguage\":\"en-US\",\"@id\":\"https:\\\/\\\/teknopro.com.tr\\\/#\\\/schema\\\/logo\\\/image\\\/\",\"url\":\"https:\\\/\\\/teknopro.com.tr\\\/wp-content\\\/uploads\\\/2021\\\/11\\\/teknopro-logo.png\",\"contentUrl\":\"https:\\\/\\\/teknopro.com.tr\\\/wp-content\\\/uploads\\\/2021\\\/11\\\/teknopro-logo.png\",\"width\":252,\"height\":59,\"caption\":\"Teknopro M\u00fchendislik ve End\u00fcstri Tesisleri \u00dcretimi A.\u015e.\"},\"image\":{\"@id\":\"https:\\\/\\\/teknopro.com.tr\\\/#\\\/schema\\\/logo\\\/image\\\/\"},\"sameAs\":[\"https:\\\/\\\/www.linkedin.com\\\/company\\\/teknoproas\\\/\"]}]}<\/script>\n<!-- \/ Yoast SEO plugin. -->","yoast_head_json":{"title":"Start Up - TeknoPro","robots":{"index":"index","follow":"follow","max-snippet":"max-snippet:-1","max-image-preview":"max-image-preview:large","max-video-preview":"max-video-preview:-1"},"canonical":"https:\/\/teknopro.com.tr\/en\/services\/start-up\/","og_locale":"en_US","og_type":"article","og_title":"Start Up - TeknoPro","og_description":"TeknoPro A.\u015e. is able to serve its customers in the processes covering all systems and components within the facility in industrial facility installations, facility design, installation, testing phase, commissioning, and maintenance processes based on the operational requirements of the end-user.","og_url":"https:\/\/teknopro.com.tr\/en\/services\/start-up\/","og_site_name":"TeknoPro","article_modified_time":"2022-03-05T22:14:04+00:00","og_image":[{"width":1920,"height":319,"url":"https:\/\/teknopro.com.tr\/wp-content\/uploads\/2021\/11\/teknopro-hakkimizda-startup-banner.png","type":"image\/png"}],"twitter_card":"summary_large_image","twitter_misc":{"Est. reading time":"1 minute"},"schema":{"@context":"https:\/\/schema.org","@graph":[{"@type":"WebPage","@id":"https:\/\/teknopro.com.tr\/en\/services\/start-up\/","url":"https:\/\/teknopro.com.tr\/en\/services\/start-up\/","name":"Start Up - TeknoPro","isPartOf":{"@id":"https:\/\/teknopro.com.tr\/#website"},"primaryImageOfPage":{"@id":"https:\/\/teknopro.com.tr\/en\/services\/start-up\/#primaryimage"},"image":{"@id":"https:\/\/teknopro.com.tr\/en\/services\/start-up\/#primaryimage"},"thumbnailUrl":"https:\/\/teknopro.com.tr\/wp-content\/uploads\/2021\/11\/teknopro-hakkimizda-startup-banner.png","datePublished":"2021-11-23T11:35:05+00:00","dateModified":"2022-03-05T22:14:04+00:00","breadcrumb":{"@id":"https:\/\/teknopro.com.tr\/en\/services\/start-up\/#breadcrumb"},"inLanguage":"en-US","potentialAction":[{"@type":"ReadAction","target":["https:\/\/teknopro.com.tr\/en\/services\/start-up\/"]}]},{"@type":"ImageObject","inLanguage":"en-US","@id":"https:\/\/teknopro.com.tr\/en\/services\/start-up\/#primaryimage","url":"https:\/\/teknopro.com.tr\/wp-content\/uploads\/2021\/11\/teknopro-hakkimizda-startup-banner.png","contentUrl":"https:\/\/teknopro.com.tr\/wp-content\/uploads\/2021\/11\/teknopro-hakkimizda-startup-banner.png","width":1920,"height":319},{"@type":"BreadcrumbList","@id":"https:\/\/teknopro.com.tr\/en\/services\/start-up\/#breadcrumb","itemListElement":[{"@type":"ListItem","position":1,"name":"Home","item":"https:\/\/teknopro.com.tr\/"},{"@type":"ListItem","position":2,"name":"Services","item":"https:\/\/teknopro.com.tr\/en\/services\/"},{"@type":"ListItem","position":3,"name":"Start Up"}]},{"@type":"WebSite","@id":"https:\/\/teknopro.com.tr\/#website","url":"https:\/\/teknopro.com.tr\/","name":"TeknoPro","description":"M\u00fchendislik ve End\u00fcstri Tesisleri \u00dcretimi A.\u015e.","publisher":{"@id":"https:\/\/teknopro.com.tr\/#organization"},"potentialAction":[{"@type":"SearchAction","target":{"@type":"EntryPoint","urlTemplate":"https:\/\/teknopro.com.tr\/?s={search_term_string}"},"query-input":{"@type":"PropertyValueSpecification","valueRequired":true,"valueName":"search_term_string"}}],"inLanguage":"en-US"},{"@type":"Organization","@id":"https:\/\/teknopro.com.tr\/#organization","name":"Teknopro M\u00fchendislik ve End\u00fcstri Tesisleri \u00dcretimi A.\u015e.","url":"https:\/\/teknopro.com.tr\/","logo":{"@type":"ImageObject","inLanguage":"en-US","@id":"https:\/\/teknopro.com.tr\/#\/schema\/logo\/image\/","url":"https:\/\/teknopro.com.tr\/wp-content\/uploads\/2021\/11\/teknopro-logo.png","contentUrl":"https:\/\/teknopro.com.tr\/wp-content\/uploads\/2021\/11\/teknopro-logo.png","width":252,"height":59,"caption":"Teknopro M\u00fchendislik ve End\u00fcstri Tesisleri \u00dcretimi A.\u015e."},"image":{"@id":"https:\/\/teknopro.com.tr\/#\/schema\/logo\/image\/"},"sameAs":["https:\/\/www.linkedin.com\/company\/teknoproas\/"]}]}},"_links":{"self":[{"href":"https:\/\/teknopro.com.tr\/en\/wp-json\/wp\/v2\/pages\/1637","targetHints":{"allow":["GET"]}}],"collection":[{"href":"https:\/\/teknopro.com.tr\/en\/wp-json\/wp\/v2\/pages"}],"about":[{"href":"https:\/\/teknopro.com.tr\/en\/wp-json\/wp\/v2\/types\/page"}],"author":[{"embeddable":true,"href":"https:\/\/teknopro.com.tr\/en\/wp-json\/wp\/v2\/users\/1"}],"replies":[{"embeddable":true,"href":"https:\/\/teknopro.com.tr\/en\/wp-json\/wp\/v2\/comments?post=1637"}],"version-history":[{"count":3,"href":"https:\/\/teknopro.com.tr\/en\/wp-json\/wp\/v2\/pages\/1637\/revisions"}],"predecessor-version":[{"id":1640,"href":"https:\/\/teknopro.com.tr\/en\/wp-json\/wp\/v2\/pages\/1637\/revisions\/1640"}],"up":[{"embeddable":true,"href":"https:\/\/teknopro.com.tr\/en\/wp-json\/wp\/v2\/pages\/1617"}],"wp:featuredmedia":[{"embeddable":true,"href":"https:\/\/teknopro.com.tr\/en\/wp-json\/wp\/v2\/media\/1514"}],"wp:attachment":[{"href":"https:\/\/teknopro.com.tr\/en\/wp-json\/wp\/v2\/media?parent=1637"}],"curies":[{"name":"wp","href":"https:\/\/api.w.org\/{rel}","templated":true}]}}