{"id":1605,"date":"2021-11-22T22:35:49","date_gmt":"2021-11-22T22:35:49","guid":{"rendered":"https:\/\/teknopro.com.tr\/about-us\/sertifikalarimiz\/"},"modified":"2024-08-27T09:05:27","modified_gmt":"2024-08-27T09:05:27","slug":"certificates","status":"publish","type":"page","link":"https:\/\/teknopro.com.tr\/en\/about-us\/certificates\/","title":{"rendered":"Certificates"},"content":{"rendered":"\t\t<div data-elementor-type=\"wp-page\" data-elementor-id=\"1605\" class=\"elementor elementor-1605 elementor-657\" data-elementor-settings=\"{&quot;element_pack_global_tooltip_width&quot;:{&quot;unit&quot;:&quot;px&quot;,&quot;size&quot;:&quot;&quot;,&quot;sizes&quot;:[]},&quot;element_pack_global_tooltip_width_tablet&quot;:{&quot;unit&quot;:&quot;px&quot;,&quot;size&quot;:&quot;&quot;,&quot;sizes&quot;:[]},&quot;element_pack_global_tooltip_width_mobile&quot;:{&quot;unit&quot;:&quot;px&quot;,&quot;size&quot;:&quot;&quot;,&quot;sizes&quot;:[]},&quot;element_pack_global_tooltip_padding&quot;:{&quot;unit&quot;:&quot;px&quot;,&quot;top&quot;:&quot;&quot;,&quot;right&quot;:&quot;&quot;,&quot;bottom&quot;:&quot;&quot;,&quot;left&quot;:&quot;&quot;,&quot;isLinked&quot;:true},&quot;element_pack_global_tooltip_padding_tablet&quot;:{&quot;unit&quot;:&quot;px&quot;,&quot;top&quot;:&quot;&quot;,&quot;right&quot;:&quot;&quot;,&quot;bottom&quot;:&quot;&quot;,&quot;left&quot;:&quot;&quot;,&quot;isLinked&quot;:true},&quot;element_pack_global_tooltip_padding_mobile&quot;:{&quot;unit&quot;:&quot;px&quot;,&quot;top&quot;:&quot;&quot;,&quot;right&quot;:&quot;&quot;,&quot;bottom&quot;:&quot;&quot;,&quot;left&quot;:&quot;&quot;,&quot;isLinked&quot;:true},&quot;element_pack_global_tooltip_border_radius&quot;:{&quot;unit&quot;:&quot;px&quot;,&quot;top&quot;:&quot;&quot;,&quot;right&quot;:&quot;&quot;,&quot;bottom&quot;:&quot;&quot;,&quot;left&quot;:&quot;&quot;,&quot;isLinked&quot;:true},&quot;element_pack_global_tooltip_border_radius_tablet&quot;:{&quot;unit&quot;:&quot;px&quot;,&quot;top&quot;:&quot;&quot;,&quot;right&quot;:&quot;&quot;,&quot;bottom&quot;:&quot;&quot;,&quot;left&quot;:&quot;&quot;,&quot;isLinked&quot;:true},&quot;element_pack_global_tooltip_border_radius_mobile&quot;:{&quot;unit&quot;:&quot;px&quot;,&quot;top&quot;:&quot;&quot;,&quot;right&quot;:&quot;&quot;,&quot;bottom&quot;:&quot;&quot;,&quot;left&quot;:&quot;&quot;,&quot;isLinked&quot;:true}}\" data-elementor-post-type=\"page\">\n\t\t\t\t\t\t<section class=\"elementor-section elementor-top-section elementor-element elementor-element-55f9fd9 elementor-section-boxed elementor-section-height-default elementor-section-height-default\" data-id=\"55f9fd9\" data-element_type=\"section\" data-e-type=\"section\">\n\t\t\t\t\t\t<div class=\"elementor-container elementor-column-gap-default\">\n\t\t\t\t\t<div class=\"elementor-column elementor-col-50 elementor-top-column elementor-element elementor-element-7ceea38\" data-id=\"7ceea38\" data-element_type=\"column\" data-e-type=\"column\">\n\t\t\t<div class=\"elementor-widget-wrap elementor-element-populated\">\n\t\t\t\t\t\t<div class=\"elementor-element elementor-element-0ff8801 elementor-widget elementor-widget-image\" data-id=\"0ff8801\" data-element_type=\"widget\" data-e-type=\"widget\" data-widget_type=\"image.default\">\n\t\t\t\t<div class=\"elementor-widget-container\">\n\t\t\t\t\t\t\t\t\t\t\t\t\t\t\t<img decoding=\"async\" width=\"103\" height=\"108\" src=\"https:\/\/teknopro.com.tr\/wp-content\/uploads\/2021\/11\/ISO-9001-2015-Kalite-Yonetim-Sistemi.png\" class=\"attachment-large size-large wp-image-1465\" alt=\"\" \/>\t\t\t\t\t\t\t\t\t\t\t\t\t\t\t<\/div>\n\t\t\t\t<\/div>\n\t\t\t\t\t<\/div>\n\t\t<\/div>\n\t\t\t\t<div class=\"elementor-column elementor-col-50 elementor-top-column elementor-element elementor-element-1297442\" data-id=\"1297442\" data-element_type=\"column\" data-e-type=\"column\">\n\t\t\t<div class=\"elementor-widget-wrap elementor-element-populated\">\n\t\t\t\t\t\t<div class=\"elementor-element elementor-element-5c992c3 elementor-widget elementor-widget-text-editor\" data-id=\"5c992c3\" data-element_type=\"widget\" data-e-type=\"widget\" data-widget_type=\"text-editor.default\">\n\t\t\t\t<div class=\"elementor-widget-container\">\n\t\t\t\t\t\t\t\t\t<p><a href=\"https:\/\/teknopro.com.tr\/wp-content\/uploads\/2024\/05\/ISO-9001.pdf\">ISO 9001:2015\u00a0\u00a0\u00a0 Quality Management System<\/a><\/p>\t\t\t\t\t\t\t\t<\/div>\n\t\t\t\t<\/div>\n\t\t\t\t\t<\/div>\n\t\t<\/div>\n\t\t\t\t\t<\/div>\n\t\t<\/section>\n\t\t\t\t<section class=\"elementor-section elementor-top-section elementor-element elementor-element-96d8878 elementor-section-boxed elementor-section-height-default elementor-section-height-default\" data-id=\"96d8878\" data-element_type=\"section\" data-e-type=\"section\">\n\t\t\t\t\t\t<div class=\"elementor-container elementor-column-gap-default\">\n\t\t\t\t\t<div class=\"elementor-column elementor-col-50 elementor-top-column elementor-element elementor-element-ede626e\" data-id=\"ede626e\" data-element_type=\"column\" data-e-type=\"column\">\n\t\t\t<div class=\"elementor-widget-wrap elementor-element-populated\">\n\t\t\t\t\t\t<div class=\"elementor-element elementor-element-775c7a1 elementor-widget elementor-widget-image\" data-id=\"775c7a1\" data-element_type=\"widget\" data-e-type=\"widget\" data-widget_type=\"image.default\">\n\t\t\t\t<div class=\"elementor-widget-container\">\n\t\t\t\t\t\t\t\t\t\t\t\t\t\t\t<img decoding=\"async\" width=\"103\" height=\"102\" src=\"https:\/\/teknopro.com.tr\/wp-content\/uploads\/2021\/11\/EN-3834-2-Kaynakli-Imalat-Yeterlilik-Yonetim-Sistemi.png\" class=\"attachment-large size-large wp-image-1464\" alt=\"\" \/>\t\t\t\t\t\t\t\t\t\t\t\t\t\t\t<\/div>\n\t\t\t\t<\/div>\n\t\t\t\t\t<\/div>\n\t\t<\/div>\n\t\t\t\t<div class=\"elementor-column elementor-col-50 elementor-top-column elementor-element elementor-element-aa16106\" data-id=\"aa16106\" data-element_type=\"column\" data-e-type=\"column\">\n\t\t\t<div class=\"elementor-widget-wrap elementor-element-populated\">\n\t\t\t\t\t\t<div class=\"elementor-element elementor-element-e0f71c7 elementor-widget elementor-widget-text-editor\" data-id=\"e0f71c7\" data-element_type=\"widget\" data-e-type=\"widget\" data-widget_type=\"text-editor.default\">\n\t\t\t\t<div class=\"elementor-widget-container\">\n\t\t\t\t\t\t\t\t\t<p><a href=\"https:\/\/teknopro.com.tr\/wp-content\/uploads\/2024\/08\/24-TR-OSY-EK279_EN-ISO-3834.pdf\">EN:3834-2\u00a0 \u00a0 \u00a0 \u00a0 \u00a0 \u00a0 Quality requirements for fusion welding of metallic materials Comprehensive quality requirements<\/a><\/p>\t\t\t\t\t\t\t\t<\/div>\n\t\t\t\t<\/div>\n\t\t\t\t\t<\/div>\n\t\t<\/div>\n\t\t\t\t\t<\/div>\n\t\t<\/section>\n\t\t\t\t<section class=\"elementor-section elementor-top-section elementor-element elementor-element-ab325b1 elementor-section-boxed elementor-section-height-default elementor-section-height-default\" data-id=\"ab325b1\" data-element_type=\"section\" data-e-type=\"section\">\n\t\t\t\t\t\t<div class=\"elementor-container elementor-column-gap-default\">\n\t\t\t\t\t<div class=\"elementor-column elementor-col-50 elementor-top-column elementor-element elementor-element-4ff89a2\" data-id=\"4ff89a2\" data-element_type=\"column\" data-e-type=\"column\">\n\t\t\t<div class=\"elementor-widget-wrap elementor-element-populated\">\n\t\t\t\t\t\t<div class=\"elementor-element elementor-element-50aa0d6 elementor-widget elementor-widget-image\" data-id=\"50aa0d6\" data-element_type=\"widget\" data-e-type=\"widget\" data-widget_type=\"image.default\">\n\t\t\t\t<div class=\"elementor-widget-container\">\n\t\t\t\t\t\t\t\t\t\t\t\t\t\t\t<img decoding=\"async\" width=\"105\" height=\"84\" src=\"https:\/\/teknopro.com.tr\/wp-content\/uploads\/2021\/11\/PED-2014-68-EU-Basincli-Ekipmanlar-Direktifi-Modul-E-E1-D-D1-H-H1.png\" class=\"attachment-large size-large wp-image-1469\" alt=\"\" \/>\t\t\t\t\t\t\t\t\t\t\t\t\t\t\t<\/div>\n\t\t\t\t<\/div>\n\t\t\t\t\t<\/div>\n\t\t<\/div>\n\t\t\t\t<div class=\"elementor-column elementor-col-50 elementor-top-column elementor-element elementor-element-9aa4d30\" data-id=\"9aa4d30\" data-element_type=\"column\" data-e-type=\"column\">\n\t\t\t<div class=\"elementor-widget-wrap elementor-element-populated\">\n\t\t\t\t\t\t<div class=\"elementor-element elementor-element-e949044 elementor-widget elementor-widget-text-editor\" data-id=\"e949044\" data-element_type=\"widget\" data-e-type=\"widget\" data-widget_type=\"text-editor.default\">\n\t\t\t\t<div class=\"elementor-widget-container\">\n\t\t\t\t\t\t\t\t\t<p><a href=\"https:\/\/teknopro.com.tr\/wp-content\/uploads\/2024\/05\/PED-Modul-H.pdf\">PED 2014\/68\/EU Pressure Equipment Directive\u00a0<\/a><\/p>\t\t\t\t\t\t\t\t<\/div>\n\t\t\t\t<\/div>\n\t\t\t\t\t<\/div>\n\t\t<\/div>\n\t\t\t\t\t<\/div>\n\t\t<\/section>\n\t\t\t\t<section class=\"elementor-section elementor-top-section elementor-element elementor-element-98ed0c3 elementor-section-boxed elementor-section-height-default elementor-section-height-default\" data-id=\"98ed0c3\" data-element_type=\"section\" data-e-type=\"section\">\n\t\t\t\t\t\t<div class=\"elementor-container elementor-column-gap-default\">\n\t\t\t\t\t<div class=\"elementor-column elementor-col-50 elementor-top-column elementor-element elementor-element-232e760\" data-id=\"232e760\" data-element_type=\"column\" data-e-type=\"column\">\n\t\t\t<div class=\"elementor-widget-wrap elementor-element-populated\">\n\t\t\t\t\t\t<div class=\"elementor-element elementor-element-a58e683 elementor-widget elementor-widget-image\" data-id=\"a58e683\" data-element_type=\"widget\" data-e-type=\"widget\" data-widget_type=\"image.default\">\n\t\t\t\t<div class=\"elementor-widget-container\">\n\t\t\t\t\t\t\t\t\t\t\t\t\t\t\t<img loading=\"lazy\" decoding=\"async\" width=\"100\" height=\"100\" src=\"https:\/\/teknopro.com.tr\/wp-content\/uploads\/2021\/12\/iso-27001-2013.png\" class=\"attachment-large size-large wp-image-1530\" alt=\"\" \/>\t\t\t\t\t\t\t\t\t\t\t\t\t\t\t<\/div>\n\t\t\t\t<\/div>\n\t\t\t\t\t<\/div>\n\t\t<\/div>\n\t\t\t\t<div class=\"elementor-column elementor-col-50 elementor-top-column elementor-element elementor-element-24a61b4\" data-id=\"24a61b4\" data-element_type=\"column\" data-e-type=\"column\">\n\t\t\t<div class=\"elementor-widget-wrap elementor-element-populated\">\n\t\t\t\t\t\t<div class=\"elementor-element elementor-element-8515c00 elementor-widget elementor-widget-text-editor\" data-id=\"8515c00\" data-element_type=\"widget\" data-e-type=\"widget\" data-widget_type=\"text-editor.default\">\n\t\t\t\t<div class=\"elementor-widget-container\">\n\t\t\t\t\t\t\t\t\t<p><a href=\"https:\/\/teknopro.com.tr\/wp-content\/uploads\/2024\/06\/ISO-27001-TR-ENG-ONAYLI.pdf\">ISO 27001\u00a0 \u00a0 \u00a0 \u00a0 \u00a0 \u00a0 Information Security Management<\/a><\/p>\t\t\t\t\t\t\t\t<\/div>\n\t\t\t\t<\/div>\n\t\t\t\t\t<\/div>\n\t\t<\/div>\n\t\t\t\t\t<\/div>\n\t\t<\/section>\n\t\t\t\t<section class=\"elementor-section elementor-top-section elementor-element elementor-element-350823e elementor-section-boxed elementor-section-height-default elementor-section-height-default\" data-id=\"350823e\" data-element_type=\"section\" data-e-type=\"section\">\n\t\t\t\t\t\t<div class=\"elementor-container elementor-column-gap-default\">\n\t\t\t\t\t<div class=\"elementor-column elementor-col-50 elementor-top-column elementor-element elementor-element-6ce4415\" data-id=\"6ce4415\" data-element_type=\"column\" data-e-type=\"column\">\n\t\t\t<div class=\"elementor-widget-wrap elementor-element-populated\">\n\t\t\t\t\t\t<div class=\"elementor-element elementor-element-f127c95 elementor-widget elementor-widget-image\" data-id=\"f127c95\" data-element_type=\"widget\" data-e-type=\"widget\" data-widget_type=\"image.default\">\n\t\t\t\t<div class=\"elementor-widget-container\">\n\t\t\t\t\t\t\t\t\t\t\t\t\t\t\t<img loading=\"lazy\" decoding=\"async\" width=\"99\" height=\"102\" src=\"https:\/\/teknopro.com.tr\/wp-content\/uploads\/2021\/11\/ISO-14001-2015-Cevre-Yonetim-Sistemi.png\" class=\"attachment-large size-large wp-image-1466\" alt=\"\" \/>\t\t\t\t\t\t\t\t\t\t\t\t\t\t\t<\/div>\n\t\t\t\t<\/div>\n\t\t\t\t\t<\/div>\n\t\t<\/div>\n\t\t\t\t<div class=\"elementor-column elementor-col-50 elementor-top-column elementor-element elementor-element-e1aa4af\" data-id=\"e1aa4af\" data-element_type=\"column\" data-e-type=\"column\">\n\t\t\t<div class=\"elementor-widget-wrap elementor-element-populated\">\n\t\t\t\t\t\t<div class=\"elementor-element elementor-element-3ab13c5 elementor-widget elementor-widget-text-editor\" data-id=\"3ab13c5\" data-element_type=\"widget\" data-e-type=\"widget\" data-widget_type=\"text-editor.default\">\n\t\t\t\t<div class=\"elementor-widget-container\">\n\t\t\t\t\t\t\t\t\t<p><a href=\"https:\/\/teknopro.com.tr\/wp-content\/uploads\/2024\/05\/ISO-14001.pdf\">ISO 14001:2015\u00a0 \u00a0 Environmental Management Systems<\/a><\/p>\t\t\t\t\t\t\t\t<\/div>\n\t\t\t\t<\/div>\n\t\t\t\t\t<\/div>\n\t\t<\/div>\n\t\t\t\t\t<\/div>\n\t\t<\/section>\n\t\t\t\t<section class=\"elementor-section elementor-top-section elementor-element elementor-element-1ca5cce elementor-section-boxed elementor-section-height-default elementor-section-height-default\" data-id=\"1ca5cce\" data-element_type=\"section\" data-e-type=\"section\">\n\t\t\t\t\t\t<div class=\"elementor-container elementor-column-gap-default\">\n\t\t\t\t\t<div class=\"elementor-column elementor-col-50 elementor-top-column elementor-element elementor-element-64be899\" data-id=\"64be899\" data-element_type=\"column\" data-e-type=\"column\">\n\t\t\t<div class=\"elementor-widget-wrap elementor-element-populated\">\n\t\t\t\t\t\t<div class=\"elementor-element elementor-element-bfd3fb8 elementor-widget elementor-widget-image\" data-id=\"bfd3fb8\" data-element_type=\"widget\" data-e-type=\"widget\" data-widget_type=\"image.default\">\n\t\t\t\t<div class=\"elementor-widget-container\">\n\t\t\t\t\t\t\t\t\t\t\t\t\t\t\t<img loading=\"lazy\" decoding=\"async\" width=\"105\" height=\"107\" src=\"https:\/\/teknopro.com.tr\/wp-content\/uploads\/2021\/11\/ISO-45001-Is-Sagligi-ve-Guvenligi-Sistemi.png\" class=\"attachment-large size-large wp-image-1468\" alt=\"\" \/>\t\t\t\t\t\t\t\t\t\t\t\t\t\t\t<\/div>\n\t\t\t\t<\/div>\n\t\t\t\t\t<\/div>\n\t\t<\/div>\n\t\t\t\t<div class=\"elementor-column elementor-col-50 elementor-top-column elementor-element elementor-element-54502d1\" data-id=\"54502d1\" data-element_type=\"column\" data-e-type=\"column\">\n\t\t\t<div class=\"elementor-widget-wrap elementor-element-populated\">\n\t\t\t\t\t\t<div class=\"elementor-element elementor-element-02da87d elementor-widget elementor-widget-text-editor\" data-id=\"02da87d\" data-element_type=\"widget\" data-e-type=\"widget\" data-widget_type=\"text-editor.default\">\n\t\t\t\t<div class=\"elementor-widget-container\">\n\t\t\t\t\t\t\t\t\t<p><a href=\"https:\/\/teknopro.com.tr\/wp-content\/uploads\/2024\/05\/ISO-45001.pdf\">ISO:45001\u00a0 \u00a0 \u00a0 \u00a0 \u00a0 \u00a0 \u00a0Occupational health and safety<\/a><\/p>\t\t\t\t\t\t\t\t<\/div>\n\t\t\t\t<\/div>\n\t\t\t\t\t<\/div>\n\t\t<\/div>\n\t\t\t\t\t<\/div>\n\t\t<\/section>\n\t\t\t\t<\/div>\n\t\t","protected":false},"excerpt":{"rendered":"<p>ISO 9001:2015\u00a0\u00a0\u00a0 Quality Management System EN:3834-2\u00a0 \u00a0 \u00a0 \u00a0 \u00a0 \u00a0 Quality requirements for fusion welding of metallic materials Comprehensive quality requirements PED 2014\/68\/EU Pressure Equipment Directive\u00a0 ISO 27001\u00a0 \u00a0 \u00a0 \u00a0 \u00a0 \u00a0 Information Security Management ISO 14001:2015\u00a0 \u00a0 Environmental Management Systems ISO:45001\u00a0 \u00a0 \u00a0 \u00a0 \u00a0 \u00a0 \u00a0Occupational health and safety<\/p>\n","protected":false},"author":1,"featured_media":1493,"parent":1576,"menu_order":0,"comment_status":"closed","ping_status":"closed","template":"","meta":{"footnotes":""},"class_list":["post-1605","page","type-page","status-publish","has-post-thumbnail","hentry"],"yoast_head":"<!-- This site is optimized with the Yoast SEO plugin v27.4 - https:\/\/yoast.com\/product\/yoast-seo-wordpress\/ -->\n<title>Certificates - TeknoPro<\/title>\n<meta name=\"robots\" content=\"index, follow, max-snippet:-1, max-image-preview:large, max-video-preview:-1\" \/>\n<link rel=\"canonical\" href=\"https:\/\/teknopro.com.tr\/hakkimizda\/sertifikalarimiz\/\" \/>\n<meta property=\"og:locale\" content=\"en_US\" \/>\n<meta property=\"og:type\" content=\"article\" \/>\n<meta property=\"og:title\" content=\"Certificates - TeknoPro\" \/>\n<meta property=\"og:description\" content=\"ISO 9001:2015\u00a0\u00a0\u00a0 Quality Management System EN:3834-2\u00a0 \u00a0 \u00a0 \u00a0 \u00a0 \u00a0 Quality requirements for fusion welding of metallic materials Comprehensive quality requirements PED 2014\/68\/EU Pressure Equipment Directive\u00a0 ISO 27001\u00a0 \u00a0 \u00a0 \u00a0 \u00a0 \u00a0 Information Security Management ISO 14001:2015\u00a0 \u00a0 Environmental Management Systems ISO:45001\u00a0 \u00a0 \u00a0 \u00a0 \u00a0 \u00a0 \u00a0Occupational health and safety\" \/>\n<meta property=\"og:url\" content=\"https:\/\/teknopro.com.tr\/hakkimizda\/sertifikalarimiz\/\" \/>\n<meta property=\"og:site_name\" content=\"TeknoPro\" \/>\n<meta property=\"article:modified_time\" content=\"2024-08-27T09:05:27+00:00\" \/>\n<meta property=\"og:image\" content=\"https:\/\/teknopro.com.tr\/wp-content\/uploads\/2021\/11\/teknopro-hakkimizda-ekibimiz-banner1.png\" \/>\n\t<meta property=\"og:image:width\" content=\"1920\" \/>\n\t<meta property=\"og:image:height\" content=\"319\" \/>\n\t<meta property=\"og:image:type\" content=\"image\/png\" \/>\n<meta name=\"twitter:card\" content=\"summary_large_image\" \/>\n<meta name=\"twitter:label1\" content=\"Est. reading time\" \/>\n\t<meta name=\"twitter:data1\" content=\"2 minutes\" \/>\n<script type=\"application\/ld+json\" class=\"yoast-schema-graph\">{\"@context\":\"https:\\\/\\\/schema.org\",\"@graph\":[{\"@type\":\"WebPage\",\"@id\":\"https:\\\/\\\/teknopro.com.tr\\\/hakkimizda\\\/sertifikalarimiz\\\/\",\"url\":\"https:\\\/\\\/teknopro.com.tr\\\/hakkimizda\\\/sertifikalarimiz\\\/\",\"name\":\"Certificates - TeknoPro\",\"isPartOf\":{\"@id\":\"https:\\\/\\\/teknopro.com.tr\\\/#website\"},\"primaryImageOfPage\":{\"@id\":\"https:\\\/\\\/teknopro.com.tr\\\/hakkimizda\\\/sertifikalarimiz\\\/#primaryimage\"},\"image\":{\"@id\":\"https:\\\/\\\/teknopro.com.tr\\\/hakkimizda\\\/sertifikalarimiz\\\/#primaryimage\"},\"thumbnailUrl\":\"https:\\\/\\\/teknopro.com.tr\\\/wp-content\\\/uploads\\\/2021\\\/11\\\/teknopro-hakkimizda-ekibimiz-banner1.png\",\"datePublished\":\"2021-11-22T22:35:49+00:00\",\"dateModified\":\"2024-08-27T09:05:27+00:00\",\"breadcrumb\":{\"@id\":\"https:\\\/\\\/teknopro.com.tr\\\/hakkimizda\\\/sertifikalarimiz\\\/#breadcrumb\"},\"inLanguage\":\"en-US\",\"potentialAction\":[{\"@type\":\"ReadAction\",\"target\":[\"https:\\\/\\\/teknopro.com.tr\\\/hakkimizda\\\/sertifikalarimiz\\\/\"]}]},{\"@type\":\"ImageObject\",\"inLanguage\":\"en-US\",\"@id\":\"https:\\\/\\\/teknopro.com.tr\\\/hakkimizda\\\/sertifikalarimiz\\\/#primaryimage\",\"url\":\"https:\\\/\\\/teknopro.com.tr\\\/wp-content\\\/uploads\\\/2021\\\/11\\\/teknopro-hakkimizda-ekibimiz-banner1.png\",\"contentUrl\":\"https:\\\/\\\/teknopro.com.tr\\\/wp-content\\\/uploads\\\/2021\\\/11\\\/teknopro-hakkimizda-ekibimiz-banner1.png\",\"width\":1920,\"height\":319},{\"@type\":\"BreadcrumbList\",\"@id\":\"https:\\\/\\\/teknopro.com.tr\\\/hakkimizda\\\/sertifikalarimiz\\\/#breadcrumb\",\"itemListElement\":[{\"@type\":\"ListItem\",\"position\":1,\"name\":\"Home\",\"item\":\"https:\\\/\\\/teknopro.com.tr\\\/\"},{\"@type\":\"ListItem\",\"position\":2,\"name\":\"About Us\",\"item\":\"https:\\\/\\\/teknopro.com.tr\\\/hakkimizda\\\/\"},{\"@type\":\"ListItem\",\"position\":3,\"name\":\"Certificates\"}]},{\"@type\":\"WebSite\",\"@id\":\"https:\\\/\\\/teknopro.com.tr\\\/#website\",\"url\":\"https:\\\/\\\/teknopro.com.tr\\\/\",\"name\":\"TeknoPro\",\"description\":\"M\u00fchendislik ve End\u00fcstri Tesisleri \u00dcretimi A.\u015e.\",\"publisher\":{\"@id\":\"https:\\\/\\\/teknopro.com.tr\\\/#organization\"},\"potentialAction\":[{\"@type\":\"SearchAction\",\"target\":{\"@type\":\"EntryPoint\",\"urlTemplate\":\"https:\\\/\\\/teknopro.com.tr\\\/?s={search_term_string}\"},\"query-input\":{\"@type\":\"PropertyValueSpecification\",\"valueRequired\":true,\"valueName\":\"search_term_string\"}}],\"inLanguage\":\"en-US\"},{\"@type\":\"Organization\",\"@id\":\"https:\\\/\\\/teknopro.com.tr\\\/#organization\",\"name\":\"Teknopro M\u00fchendislik ve End\u00fcstri Tesisleri \u00dcretimi A.\u015e.\",\"url\":\"https:\\\/\\\/teknopro.com.tr\\\/\",\"logo\":{\"@type\":\"ImageObject\",\"inLanguage\":\"en-US\",\"@id\":\"https:\\\/\\\/teknopro.com.tr\\\/#\\\/schema\\\/logo\\\/image\\\/\",\"url\":\"https:\\\/\\\/teknopro.com.tr\\\/wp-content\\\/uploads\\\/2021\\\/11\\\/teknopro-logo.png\",\"contentUrl\":\"https:\\\/\\\/teknopro.com.tr\\\/wp-content\\\/uploads\\\/2021\\\/11\\\/teknopro-logo.png\",\"width\":252,\"height\":59,\"caption\":\"Teknopro M\u00fchendislik ve End\u00fcstri Tesisleri \u00dcretimi A.\u015e.\"},\"image\":{\"@id\":\"https:\\\/\\\/teknopro.com.tr\\\/#\\\/schema\\\/logo\\\/image\\\/\"},\"sameAs\":[\"https:\\\/\\\/www.linkedin.com\\\/company\\\/teknoproas\\\/\"]}]}<\/script>\n<!-- \/ Yoast SEO plugin. -->","yoast_head_json":{"title":"Certificates - TeknoPro","robots":{"index":"index","follow":"follow","max-snippet":"max-snippet:-1","max-image-preview":"max-image-preview:large","max-video-preview":"max-video-preview:-1"},"canonical":"https:\/\/teknopro.com.tr\/hakkimizda\/sertifikalarimiz\/","og_locale":"en_US","og_type":"article","og_title":"Certificates - TeknoPro","og_description":"ISO 9001:2015\u00a0\u00a0\u00a0 Quality Management System EN:3834-2\u00a0 \u00a0 \u00a0 \u00a0 \u00a0 \u00a0 Quality requirements for fusion welding of metallic materials Comprehensive quality requirements PED 2014\/68\/EU Pressure Equipment Directive\u00a0 ISO 27001\u00a0 \u00a0 \u00a0 \u00a0 \u00a0 \u00a0 Information Security Management ISO 14001:2015\u00a0 \u00a0 Environmental Management Systems ISO:45001\u00a0 \u00a0 \u00a0 \u00a0 \u00a0 \u00a0 \u00a0Occupational health and safety","og_url":"https:\/\/teknopro.com.tr\/hakkimizda\/sertifikalarimiz\/","og_site_name":"TeknoPro","article_modified_time":"2024-08-27T09:05:27+00:00","og_image":[{"width":1920,"height":319,"url":"https:\/\/teknopro.com.tr\/wp-content\/uploads\/2021\/11\/teknopro-hakkimizda-ekibimiz-banner1.png","type":"image\/png"}],"twitter_card":"summary_large_image","twitter_misc":{"Est. reading time":"2 minutes"},"schema":{"@context":"https:\/\/schema.org","@graph":[{"@type":"WebPage","@id":"https:\/\/teknopro.com.tr\/hakkimizda\/sertifikalarimiz\/","url":"https:\/\/teknopro.com.tr\/hakkimizda\/sertifikalarimiz\/","name":"Certificates - TeknoPro","isPartOf":{"@id":"https:\/\/teknopro.com.tr\/#website"},"primaryImageOfPage":{"@id":"https:\/\/teknopro.com.tr\/hakkimizda\/sertifikalarimiz\/#primaryimage"},"image":{"@id":"https:\/\/teknopro.com.tr\/hakkimizda\/sertifikalarimiz\/#primaryimage"},"thumbnailUrl":"https:\/\/teknopro.com.tr\/wp-content\/uploads\/2021\/11\/teknopro-hakkimizda-ekibimiz-banner1.png","datePublished":"2021-11-22T22:35:49+00:00","dateModified":"2024-08-27T09:05:27+00:00","breadcrumb":{"@id":"https:\/\/teknopro.com.tr\/hakkimizda\/sertifikalarimiz\/#breadcrumb"},"inLanguage":"en-US","potentialAction":[{"@type":"ReadAction","target":["https:\/\/teknopro.com.tr\/hakkimizda\/sertifikalarimiz\/"]}]},{"@type":"ImageObject","inLanguage":"en-US","@id":"https:\/\/teknopro.com.tr\/hakkimizda\/sertifikalarimiz\/#primaryimage","url":"https:\/\/teknopro.com.tr\/wp-content\/uploads\/2021\/11\/teknopro-hakkimizda-ekibimiz-banner1.png","contentUrl":"https:\/\/teknopro.com.tr\/wp-content\/uploads\/2021\/11\/teknopro-hakkimizda-ekibimiz-banner1.png","width":1920,"height":319},{"@type":"BreadcrumbList","@id":"https:\/\/teknopro.com.tr\/hakkimizda\/sertifikalarimiz\/#breadcrumb","itemListElement":[{"@type":"ListItem","position":1,"name":"Home","item":"https:\/\/teknopro.com.tr\/"},{"@type":"ListItem","position":2,"name":"About Us","item":"https:\/\/teknopro.com.tr\/hakkimizda\/"},{"@type":"ListItem","position":3,"name":"Certificates"}]},{"@type":"WebSite","@id":"https:\/\/teknopro.com.tr\/#website","url":"https:\/\/teknopro.com.tr\/","name":"TeknoPro","description":"M\u00fchendislik ve End\u00fcstri Tesisleri \u00dcretimi A.\u015e.","publisher":{"@id":"https:\/\/teknopro.com.tr\/#organization"},"potentialAction":[{"@type":"SearchAction","target":{"@type":"EntryPoint","urlTemplate":"https:\/\/teknopro.com.tr\/?s={search_term_string}"},"query-input":{"@type":"PropertyValueSpecification","valueRequired":true,"valueName":"search_term_string"}}],"inLanguage":"en-US"},{"@type":"Organization","@id":"https:\/\/teknopro.com.tr\/#organization","name":"Teknopro M\u00fchendislik ve End\u00fcstri Tesisleri \u00dcretimi A.\u015e.","url":"https:\/\/teknopro.com.tr\/","logo":{"@type":"ImageObject","inLanguage":"en-US","@id":"https:\/\/teknopro.com.tr\/#\/schema\/logo\/image\/","url":"https:\/\/teknopro.com.tr\/wp-content\/uploads\/2021\/11\/teknopro-logo.png","contentUrl":"https:\/\/teknopro.com.tr\/wp-content\/uploads\/2021\/11\/teknopro-logo.png","width":252,"height":59,"caption":"Teknopro M\u00fchendislik ve End\u00fcstri Tesisleri \u00dcretimi A.\u015e."},"image":{"@id":"https:\/\/teknopro.com.tr\/#\/schema\/logo\/image\/"},"sameAs":["https:\/\/www.linkedin.com\/company\/teknoproas\/"]}]}},"_links":{"self":[{"href":"https:\/\/teknopro.com.tr\/en\/wp-json\/wp\/v2\/pages\/1605","targetHints":{"allow":["GET"]}}],"collection":[{"href":"https:\/\/teknopro.com.tr\/en\/wp-json\/wp\/v2\/pages"}],"about":[{"href":"https:\/\/teknopro.com.tr\/en\/wp-json\/wp\/v2\/types\/page"}],"author":[{"embeddable":true,"href":"https:\/\/teknopro.com.tr\/en\/wp-json\/wp\/v2\/users\/1"}],"replies":[{"embeddable":true,"href":"https:\/\/teknopro.com.tr\/en\/wp-json\/wp\/v2\/comments?post=1605"}],"version-history":[{"count":10,"href":"https:\/\/teknopro.com.tr\/en\/wp-json\/wp\/v2\/pages\/1605\/revisions"}],"predecessor-version":[{"id":2469,"href":"https:\/\/teknopro.com.tr\/en\/wp-json\/wp\/v2\/pages\/1605\/revisions\/2469"}],"up":[{"embeddable":true,"href":"https:\/\/teknopro.com.tr\/en\/wp-json\/wp\/v2\/pages\/1576"}],"wp:featuredmedia":[{"embeddable":true,"href":"https:\/\/teknopro.com.tr\/en\/wp-json\/wp\/v2\/media\/1493"}],"wp:attachment":[{"href":"https:\/\/teknopro.com.tr\/en\/wp-json\/wp\/v2\/media?parent=1605"}],"curies":[{"name":"wp","href":"https:\/\/api.w.org\/{rel}","templated":true}]}}