{"id":1597,"date":"2021-11-22T22:30:35","date_gmt":"2021-11-22T22:30:35","guid":{"rendered":"https:\/\/teknopro.com.tr\/about-us\/kalite-politikamiz\/"},"modified":"2022-04-14T08:07:02","modified_gmt":"2022-04-14T08:07:02","slug":"quality-policy","status":"publish","type":"page","link":"https:\/\/teknopro.com.tr\/en\/about-us\/quality-policy\/","title":{"rendered":"Quality Policy"},"content":{"rendered":"\t\t<div data-elementor-type=\"wp-page\" data-elementor-id=\"1597\" class=\"elementor elementor-1597 elementor-647\" data-elementor-settings=\"{&quot;element_pack_global_tooltip_width&quot;:{&quot;unit&quot;:&quot;px&quot;,&quot;size&quot;:&quot;&quot;,&quot;sizes&quot;:[]},&quot;element_pack_global_tooltip_width_tablet&quot;:{&quot;unit&quot;:&quot;px&quot;,&quot;size&quot;:&quot;&quot;,&quot;sizes&quot;:[]},&quot;element_pack_global_tooltip_width_mobile&quot;:{&quot;unit&quot;:&quot;px&quot;,&quot;size&quot;:&quot;&quot;,&quot;sizes&quot;:[]},&quot;element_pack_global_tooltip_padding&quot;:{&quot;unit&quot;:&quot;px&quot;,&quot;top&quot;:&quot;&quot;,&quot;right&quot;:&quot;&quot;,&quot;bottom&quot;:&quot;&quot;,&quot;left&quot;:&quot;&quot;,&quot;isLinked&quot;:true},&quot;element_pack_global_tooltip_padding_tablet&quot;:{&quot;unit&quot;:&quot;px&quot;,&quot;top&quot;:&quot;&quot;,&quot;right&quot;:&quot;&quot;,&quot;bottom&quot;:&quot;&quot;,&quot;left&quot;:&quot;&quot;,&quot;isLinked&quot;:true},&quot;element_pack_global_tooltip_padding_mobile&quot;:{&quot;unit&quot;:&quot;px&quot;,&quot;top&quot;:&quot;&quot;,&quot;right&quot;:&quot;&quot;,&quot;bottom&quot;:&quot;&quot;,&quot;left&quot;:&quot;&quot;,&quot;isLinked&quot;:true},&quot;element_pack_global_tooltip_border_radius&quot;:{&quot;unit&quot;:&quot;px&quot;,&quot;top&quot;:&quot;&quot;,&quot;right&quot;:&quot;&quot;,&quot;bottom&quot;:&quot;&quot;,&quot;left&quot;:&quot;&quot;,&quot;isLinked&quot;:true},&quot;element_pack_global_tooltip_border_radius_tablet&quot;:{&quot;unit&quot;:&quot;px&quot;,&quot;top&quot;:&quot;&quot;,&quot;right&quot;:&quot;&quot;,&quot;bottom&quot;:&quot;&quot;,&quot;left&quot;:&quot;&quot;,&quot;isLinked&quot;:true},&quot;element_pack_global_tooltip_border_radius_mobile&quot;:{&quot;unit&quot;:&quot;px&quot;,&quot;top&quot;:&quot;&quot;,&quot;right&quot;:&quot;&quot;,&quot;bottom&quot;:&quot;&quot;,&quot;left&quot;:&quot;&quot;,&quot;isLinked&quot;:true}}\" data-elementor-post-type=\"page\">\n\t\t\t\t\t\t<section class=\"elementor-section elementor-top-section elementor-element elementor-element-55f9fd9 elementor-section-boxed elementor-section-height-default elementor-section-height-default\" data-id=\"55f9fd9\" data-element_type=\"section\" data-e-type=\"section\">\n\t\t\t\t\t\t<div class=\"elementor-container elementor-column-gap-default\">\n\t\t\t\t\t<div class=\"elementor-column elementor-col-100 elementor-top-column elementor-element elementor-element-7ceea38\" data-id=\"7ceea38\" data-element_type=\"column\" data-e-type=\"column\">\n\t\t\t<div class=\"elementor-widget-wrap elementor-element-populated\">\n\t\t\t\t\t\t<div class=\"elementor-element elementor-element-3372908 elementor-widget elementor-widget-text-editor\" data-id=\"3372908\" data-element_type=\"widget\" data-e-type=\"widget\" data-widget_type=\"text-editor.default\">\n\t\t\t\t<div class=\"elementor-widget-container\">\n\t\t\t\t\t\t\t\t\t<p>The primary goal of TEKNOPRO A.\u015e. is to be a reliable and efficient engineering and manufacturing company. In line with this ideal, in order to provide the highest customer satisfaction,<\/p>\n<p>All TeknoPro team members know, believe and share the following principles.<\/p>\n<p>-We understand and clearly define the wishes and expectations of our customers and work to put them on.<\/p><p><span style=\"color: var( --e-global-color-text ); font-family: var( --e-global-typography-text-font-family ), Sans-serif; font-size: 1rem; font-weight: var( --e-global-typography-text-font-weight );\">-By using cost and time effectively, we offer high quality services and products that are open to innovations.<\/span><\/p><p><span style=\"color: var( --e-global-color-text ); font-family: var( --e-global-typography-text-font-family ), Sans-serif; font-size: 1rem; font-weight: var( --e-global-typography-text-font-weight );\">-We determine the quality requirements and ensure that our suppliers and subcontractors follow them.<\/span><\/p><p><span style=\"color: var( --e-global-color-text ); font-family: var( --e-global-typography-text-font-family ), Sans-serif; font-weight: var( --e-global-typography-text-font-weight ); font-size: 1rem;\">-By following technological developments,<\/span><\/p><p><span style=\"color: var( --e-global-color-text ); font-family: var( --e-global-typography-text-font-family ), Sans-serif; font-weight: var( --e-global-typography-text-font-weight ); font-size: 1rem;\">-By ensuring that our team members receive appropriate training continuously,<\/span><\/p><p><span style=\"color: var( --e-global-color-text ); font-family: var( --e-global-typography-text-font-family ), Sans-serif; font-weight: var( --e-global-typography-text-font-weight ); font-size: 1rem;\">-By encouraging their positive energy and creativity, knowledge and skills,<\/span><\/p><p><span style=\"color: var( --e-global-color-text ); font-family: var( --e-global-typography-text-font-family ), Sans-serif; font-weight: var( --e-global-typography-text-font-weight ); font-size: 1rem;\">-By making effective investments under favorable conditions,<\/span><\/p>\t\t\t\t\t\t\t\t<\/div>\n\t\t\t\t<\/div>\n\t\t\t\t\t<\/div>\n\t\t<\/div>\n\t\t\t\t\t<\/div>\n\t\t<\/section>\n\t\t\t\t<\/div>\n\t\t","protected":false},"excerpt":{"rendered":"<p>The primary goal of TEKNOPRO A.\u015e. is to be a reliable and efficient engineering and manufacturing company. In line with this ideal, in order to provide the highest customer satisfaction, All TeknoPro team members know, believe and share the following principles. -We understand and clearly define the wishes and expectations of our customers and work [&hellip;]<\/p>\n","protected":false},"author":1,"featured_media":1496,"parent":1576,"menu_order":0,"comment_status":"closed","ping_status":"closed","template":"","meta":{"footnotes":""},"class_list":["post-1597","page","type-page","status-publish","has-post-thumbnail","hentry"],"yoast_head":"<!-- This site is optimized with the Yoast SEO plugin v27.4 - https:\/\/yoast.com\/product\/yoast-seo-wordpress\/ -->\n<title>Quality Policy - TeknoPro<\/title>\n<meta name=\"robots\" content=\"index, follow, max-snippet:-1, max-image-preview:large, max-video-preview:-1\" \/>\n<link rel=\"canonical\" href=\"https:\/\/teknopro.com.tr\/hakkimizda\/kalite-politikamiz\/\" \/>\n<meta property=\"og:locale\" content=\"en_US\" \/>\n<meta property=\"og:type\" content=\"article\" \/>\n<meta property=\"og:title\" content=\"Quality Policy - TeknoPro\" \/>\n<meta property=\"og:description\" content=\"The primary goal of TEKNOPRO A.\u015e. is to be a reliable and efficient engineering and manufacturing company. In line with this ideal, in order to provide the highest customer satisfaction, All TeknoPro team members know, believe and share the following principles. -We understand and clearly define the wishes and expectations of our customers and work [&hellip;]\" \/>\n<meta property=\"og:url\" content=\"https:\/\/teknopro.com.tr\/hakkimizda\/kalite-politikamiz\/\" \/>\n<meta property=\"og:site_name\" content=\"TeknoPro\" \/>\n<meta property=\"article:modified_time\" content=\"2022-04-14T08:07:02+00:00\" \/>\n<meta property=\"og:image\" content=\"https:\/\/teknopro.com.tr\/wp-content\/uploads\/2021\/11\/teknopro-hakkimizda-kalite-politikamiz-banner.png\" \/>\n\t<meta property=\"og:image:width\" content=\"1920\" \/>\n\t<meta property=\"og:image:height\" content=\"319\" \/>\n\t<meta property=\"og:image:type\" content=\"image\/png\" \/>\n<meta name=\"twitter:card\" content=\"summary_large_image\" \/>\n<meta name=\"twitter:label1\" content=\"Est. reading time\" \/>\n\t<meta name=\"twitter:data1\" content=\"1 minute\" \/>\n<script type=\"application\/ld+json\" class=\"yoast-schema-graph\">{\"@context\":\"https:\\\/\\\/schema.org\",\"@graph\":[{\"@type\":\"WebPage\",\"@id\":\"https:\\\/\\\/teknopro.com.tr\\\/hakkimizda\\\/kalite-politikamiz\\\/\",\"url\":\"https:\\\/\\\/teknopro.com.tr\\\/hakkimizda\\\/kalite-politikamiz\\\/\",\"name\":\"Quality Policy - TeknoPro\",\"isPartOf\":{\"@id\":\"https:\\\/\\\/teknopro.com.tr\\\/#website\"},\"primaryImageOfPage\":{\"@id\":\"https:\\\/\\\/teknopro.com.tr\\\/hakkimizda\\\/kalite-politikamiz\\\/#primaryimage\"},\"image\":{\"@id\":\"https:\\\/\\\/teknopro.com.tr\\\/hakkimizda\\\/kalite-politikamiz\\\/#primaryimage\"},\"thumbnailUrl\":\"https:\\\/\\\/teknopro.com.tr\\\/wp-content\\\/uploads\\\/2021\\\/11\\\/teknopro-hakkimizda-kalite-politikamiz-banner.png\",\"datePublished\":\"2021-11-22T22:30:35+00:00\",\"dateModified\":\"2022-04-14T08:07:02+00:00\",\"breadcrumb\":{\"@id\":\"https:\\\/\\\/teknopro.com.tr\\\/hakkimizda\\\/kalite-politikamiz\\\/#breadcrumb\"},\"inLanguage\":\"en-US\",\"potentialAction\":[{\"@type\":\"ReadAction\",\"target\":[\"https:\\\/\\\/teknopro.com.tr\\\/hakkimizda\\\/kalite-politikamiz\\\/\"]}]},{\"@type\":\"ImageObject\",\"inLanguage\":\"en-US\",\"@id\":\"https:\\\/\\\/teknopro.com.tr\\\/hakkimizda\\\/kalite-politikamiz\\\/#primaryimage\",\"url\":\"https:\\\/\\\/teknopro.com.tr\\\/wp-content\\\/uploads\\\/2021\\\/11\\\/teknopro-hakkimizda-kalite-politikamiz-banner.png\",\"contentUrl\":\"https:\\\/\\\/teknopro.com.tr\\\/wp-content\\\/uploads\\\/2021\\\/11\\\/teknopro-hakkimizda-kalite-politikamiz-banner.png\",\"width\":1920,\"height\":319},{\"@type\":\"BreadcrumbList\",\"@id\":\"https:\\\/\\\/teknopro.com.tr\\\/hakkimizda\\\/kalite-politikamiz\\\/#breadcrumb\",\"itemListElement\":[{\"@type\":\"ListItem\",\"position\":1,\"name\":\"Home\",\"item\":\"https:\\\/\\\/teknopro.com.tr\\\/\"},{\"@type\":\"ListItem\",\"position\":2,\"name\":\"About Us\",\"item\":\"https:\\\/\\\/teknopro.com.tr\\\/hakkimizda\\\/\"},{\"@type\":\"ListItem\",\"position\":3,\"name\":\"Quality Policy\"}]},{\"@type\":\"WebSite\",\"@id\":\"https:\\\/\\\/teknopro.com.tr\\\/#website\",\"url\":\"https:\\\/\\\/teknopro.com.tr\\\/\",\"name\":\"TeknoPro\",\"description\":\"M\u00fchendislik ve End\u00fcstri Tesisleri \u00dcretimi A.\u015e.\",\"publisher\":{\"@id\":\"https:\\\/\\\/teknopro.com.tr\\\/#organization\"},\"potentialAction\":[{\"@type\":\"SearchAction\",\"target\":{\"@type\":\"EntryPoint\",\"urlTemplate\":\"https:\\\/\\\/teknopro.com.tr\\\/?s={search_term_string}\"},\"query-input\":{\"@type\":\"PropertyValueSpecification\",\"valueRequired\":true,\"valueName\":\"search_term_string\"}}],\"inLanguage\":\"en-US\"},{\"@type\":\"Organization\",\"@id\":\"https:\\\/\\\/teknopro.com.tr\\\/#organization\",\"name\":\"Teknopro M\u00fchendislik ve End\u00fcstri Tesisleri \u00dcretimi A.\u015e.\",\"url\":\"https:\\\/\\\/teknopro.com.tr\\\/\",\"logo\":{\"@type\":\"ImageObject\",\"inLanguage\":\"en-US\",\"@id\":\"https:\\\/\\\/teknopro.com.tr\\\/#\\\/schema\\\/logo\\\/image\\\/\",\"url\":\"https:\\\/\\\/teknopro.com.tr\\\/wp-content\\\/uploads\\\/2021\\\/11\\\/teknopro-logo.png\",\"contentUrl\":\"https:\\\/\\\/teknopro.com.tr\\\/wp-content\\\/uploads\\\/2021\\\/11\\\/teknopro-logo.png\",\"width\":252,\"height\":59,\"caption\":\"Teknopro M\u00fchendislik ve End\u00fcstri Tesisleri \u00dcretimi A.\u015e.\"},\"image\":{\"@id\":\"https:\\\/\\\/teknopro.com.tr\\\/#\\\/schema\\\/logo\\\/image\\\/\"},\"sameAs\":[\"https:\\\/\\\/www.linkedin.com\\\/company\\\/teknoproas\\\/\"]}]}<\/script>\n<!-- \/ Yoast SEO plugin. -->","yoast_head_json":{"title":"Quality Policy - TeknoPro","robots":{"index":"index","follow":"follow","max-snippet":"max-snippet:-1","max-image-preview":"max-image-preview:large","max-video-preview":"max-video-preview:-1"},"canonical":"https:\/\/teknopro.com.tr\/hakkimizda\/kalite-politikamiz\/","og_locale":"en_US","og_type":"article","og_title":"Quality Policy - TeknoPro","og_description":"The primary goal of TEKNOPRO A.\u015e. is to be a reliable and efficient engineering and manufacturing company. In line with this ideal, in order to provide the highest customer satisfaction, All TeknoPro team members know, believe and share the following principles. -We understand and clearly define the wishes and expectations of our customers and work [&hellip;]","og_url":"https:\/\/teknopro.com.tr\/hakkimizda\/kalite-politikamiz\/","og_site_name":"TeknoPro","article_modified_time":"2022-04-14T08:07:02+00:00","og_image":[{"width":1920,"height":319,"url":"https:\/\/teknopro.com.tr\/wp-content\/uploads\/2021\/11\/teknopro-hakkimizda-kalite-politikamiz-banner.png","type":"image\/png"}],"twitter_card":"summary_large_image","twitter_misc":{"Est. reading time":"1 minute"},"schema":{"@context":"https:\/\/schema.org","@graph":[{"@type":"WebPage","@id":"https:\/\/teknopro.com.tr\/hakkimizda\/kalite-politikamiz\/","url":"https:\/\/teknopro.com.tr\/hakkimizda\/kalite-politikamiz\/","name":"Quality Policy - TeknoPro","isPartOf":{"@id":"https:\/\/teknopro.com.tr\/#website"},"primaryImageOfPage":{"@id":"https:\/\/teknopro.com.tr\/hakkimizda\/kalite-politikamiz\/#primaryimage"},"image":{"@id":"https:\/\/teknopro.com.tr\/hakkimizda\/kalite-politikamiz\/#primaryimage"},"thumbnailUrl":"https:\/\/teknopro.com.tr\/wp-content\/uploads\/2021\/11\/teknopro-hakkimizda-kalite-politikamiz-banner.png","datePublished":"2021-11-22T22:30:35+00:00","dateModified":"2022-04-14T08:07:02+00:00","breadcrumb":{"@id":"https:\/\/teknopro.com.tr\/hakkimizda\/kalite-politikamiz\/#breadcrumb"},"inLanguage":"en-US","potentialAction":[{"@type":"ReadAction","target":["https:\/\/teknopro.com.tr\/hakkimizda\/kalite-politikamiz\/"]}]},{"@type":"ImageObject","inLanguage":"en-US","@id":"https:\/\/teknopro.com.tr\/hakkimizda\/kalite-politikamiz\/#primaryimage","url":"https:\/\/teknopro.com.tr\/wp-content\/uploads\/2021\/11\/teknopro-hakkimizda-kalite-politikamiz-banner.png","contentUrl":"https:\/\/teknopro.com.tr\/wp-content\/uploads\/2021\/11\/teknopro-hakkimizda-kalite-politikamiz-banner.png","width":1920,"height":319},{"@type":"BreadcrumbList","@id":"https:\/\/teknopro.com.tr\/hakkimizda\/kalite-politikamiz\/#breadcrumb","itemListElement":[{"@type":"ListItem","position":1,"name":"Home","item":"https:\/\/teknopro.com.tr\/"},{"@type":"ListItem","position":2,"name":"About Us","item":"https:\/\/teknopro.com.tr\/hakkimizda\/"},{"@type":"ListItem","position":3,"name":"Quality Policy"}]},{"@type":"WebSite","@id":"https:\/\/teknopro.com.tr\/#website","url":"https:\/\/teknopro.com.tr\/","name":"TeknoPro","description":"M\u00fchendislik ve End\u00fcstri Tesisleri \u00dcretimi A.\u015e.","publisher":{"@id":"https:\/\/teknopro.com.tr\/#organization"},"potentialAction":[{"@type":"SearchAction","target":{"@type":"EntryPoint","urlTemplate":"https:\/\/teknopro.com.tr\/?s={search_term_string}"},"query-input":{"@type":"PropertyValueSpecification","valueRequired":true,"valueName":"search_term_string"}}],"inLanguage":"en-US"},{"@type":"Organization","@id":"https:\/\/teknopro.com.tr\/#organization","name":"Teknopro M\u00fchendislik ve End\u00fcstri Tesisleri \u00dcretimi A.\u015e.","url":"https:\/\/teknopro.com.tr\/","logo":{"@type":"ImageObject","inLanguage":"en-US","@id":"https:\/\/teknopro.com.tr\/#\/schema\/logo\/image\/","url":"https:\/\/teknopro.com.tr\/wp-content\/uploads\/2021\/11\/teknopro-logo.png","contentUrl":"https:\/\/teknopro.com.tr\/wp-content\/uploads\/2021\/11\/teknopro-logo.png","width":252,"height":59,"caption":"Teknopro M\u00fchendislik ve End\u00fcstri Tesisleri \u00dcretimi A.\u015e."},"image":{"@id":"https:\/\/teknopro.com.tr\/#\/schema\/logo\/image\/"},"sameAs":["https:\/\/www.linkedin.com\/company\/teknoproas\/"]}]}},"_links":{"self":[{"href":"https:\/\/teknopro.com.tr\/en\/wp-json\/wp\/v2\/pages\/1597","targetHints":{"allow":["GET"]}}],"collection":[{"href":"https:\/\/teknopro.com.tr\/en\/wp-json\/wp\/v2\/pages"}],"about":[{"href":"https:\/\/teknopro.com.tr\/en\/wp-json\/wp\/v2\/types\/page"}],"author":[{"embeddable":true,"href":"https:\/\/teknopro.com.tr\/en\/wp-json\/wp\/v2\/users\/1"}],"replies":[{"embeddable":true,"href":"https:\/\/teknopro.com.tr\/en\/wp-json\/wp\/v2\/comments?post=1597"}],"version-history":[{"count":9,"href":"https:\/\/teknopro.com.tr\/en\/wp-json\/wp\/v2\/pages\/1597\/revisions"}],"predecessor-version":[{"id":1901,"href":"https:\/\/teknopro.com.tr\/en\/wp-json\/wp\/v2\/pages\/1597\/revisions\/1901"}],"up":[{"embeddable":true,"href":"https:\/\/teknopro.com.tr\/en\/wp-json\/wp\/v2\/pages\/1576"}],"wp:featuredmedia":[{"embeddable":true,"href":"https:\/\/teknopro.com.tr\/en\/wp-json\/wp\/v2\/media\/1496"}],"wp:attachment":[{"href":"https:\/\/teknopro.com.tr\/en\/wp-json\/wp\/v2\/media?parent=1597"}],"curies":[{"name":"wp","href":"https:\/\/api.w.org\/{rel}","templated":true}]}}