{"id":1586,"date":"2021-11-22T21:27:02","date_gmt":"2021-11-22T21:27:02","guid":{"rendered":"https:\/\/teknopro.com.tr\/about-us\/ekibimiz\/"},"modified":"2024-08-27T08:59:25","modified_gmt":"2024-08-27T08:59:25","slug":"our-team","status":"publish","type":"page","link":"https:\/\/teknopro.com.tr\/en\/about-us\/our-team\/","title":{"rendered":"Our Team"},"content":{"rendered":"\t\t<div data-elementor-type=\"wp-page\" data-elementor-id=\"1586\" class=\"elementor elementor-1586 elementor-623\" data-elementor-settings=\"{&quot;element_pack_global_tooltip_width&quot;:{&quot;unit&quot;:&quot;px&quot;,&quot;size&quot;:&quot;&quot;,&quot;sizes&quot;:[]},&quot;element_pack_global_tooltip_width_tablet&quot;:{&quot;unit&quot;:&quot;px&quot;,&quot;size&quot;:&quot;&quot;,&quot;sizes&quot;:[]},&quot;element_pack_global_tooltip_width_mobile&quot;:{&quot;unit&quot;:&quot;px&quot;,&quot;size&quot;:&quot;&quot;,&quot;sizes&quot;:[]},&quot;element_pack_global_tooltip_padding&quot;:{&quot;unit&quot;:&quot;px&quot;,&quot;top&quot;:&quot;&quot;,&quot;right&quot;:&quot;&quot;,&quot;bottom&quot;:&quot;&quot;,&quot;left&quot;:&quot;&quot;,&quot;isLinked&quot;:true},&quot;element_pack_global_tooltip_padding_tablet&quot;:{&quot;unit&quot;:&quot;px&quot;,&quot;top&quot;:&quot;&quot;,&quot;right&quot;:&quot;&quot;,&quot;bottom&quot;:&quot;&quot;,&quot;left&quot;:&quot;&quot;,&quot;isLinked&quot;:true},&quot;element_pack_global_tooltip_padding_mobile&quot;:{&quot;unit&quot;:&quot;px&quot;,&quot;top&quot;:&quot;&quot;,&quot;right&quot;:&quot;&quot;,&quot;bottom&quot;:&quot;&quot;,&quot;left&quot;:&quot;&quot;,&quot;isLinked&quot;:true},&quot;element_pack_global_tooltip_border_radius&quot;:{&quot;unit&quot;:&quot;px&quot;,&quot;top&quot;:&quot;&quot;,&quot;right&quot;:&quot;&quot;,&quot;bottom&quot;:&quot;&quot;,&quot;left&quot;:&quot;&quot;,&quot;isLinked&quot;:true},&quot;element_pack_global_tooltip_border_radius_tablet&quot;:{&quot;unit&quot;:&quot;px&quot;,&quot;top&quot;:&quot;&quot;,&quot;right&quot;:&quot;&quot;,&quot;bottom&quot;:&quot;&quot;,&quot;left&quot;:&quot;&quot;,&quot;isLinked&quot;:true},&quot;element_pack_global_tooltip_border_radius_mobile&quot;:{&quot;unit&quot;:&quot;px&quot;,&quot;top&quot;:&quot;&quot;,&quot;right&quot;:&quot;&quot;,&quot;bottom&quot;:&quot;&quot;,&quot;left&quot;:&quot;&quot;,&quot;isLinked&quot;:true}}\" data-elementor-post-type=\"page\">\n\t\t\t\t\t\t<section class=\"elementor-section elementor-top-section elementor-element elementor-element-26a85ba elementor-hidden-mobile elementor-section-boxed elementor-section-height-default elementor-section-height-default\" data-id=\"26a85ba\" data-element_type=\"section\" data-e-type=\"section\">\n\t\t\t\t\t\t<div class=\"elementor-container elementor-column-gap-default\">\n\t\t\t\t\t<div class=\"elementor-column elementor-col-100 elementor-top-column elementor-element elementor-element-a2405a6\" data-id=\"a2405a6\" data-element_type=\"column\" data-e-type=\"column\">\n\t\t\t<div class=\"elementor-widget-wrap\">\n\t\t\t\t\t\t\t<\/div>\n\t\t<\/div>\n\t\t\t\t\t<\/div>\n\t\t<\/section>\n\t\t\t\t<section class=\"elementor-section elementor-top-section elementor-element elementor-element-7a71606 elementor-hidden-desktop elementor-hidden-tablet elementor-hidden-mobile elementor-section-boxed elementor-section-height-default elementor-section-height-default\" data-id=\"7a71606\" data-element_type=\"section\" data-e-type=\"section\">\n\t\t\t\t\t\t<div class=\"elementor-container elementor-column-gap-default\">\n\t\t\t\t\t<div class=\"elementor-column elementor-col-100 elementor-top-column elementor-element elementor-element-3578bb1\" data-id=\"3578bb1\" data-element_type=\"column\" data-e-type=\"column\">\n\t\t\t<div class=\"elementor-widget-wrap elementor-element-populated\">\n\t\t\t\t\t\t<div class=\"elementor-element elementor-element-34739af elementor-widget elementor-widget-button\" data-id=\"34739af\" data-element_type=\"widget\" data-e-type=\"widget\" data-widget_type=\"button.default\">\n\t\t\t\t<div class=\"elementor-widget-container\">\n\t\t\t\t\t\t\t\t\t<div class=\"elementor-button-wrapper\">\n\t\t\t\t\t<a class=\"elementor-button elementor-button-link elementor-size-sm\" href=\"https:\/\/teknopro.com.tr\/wp-content\/uploads\/2021\/12\/ekibimiz.pdf\">\n\t\t\t\t\t\t<span class=\"elementor-button-content-wrapper\">\n\t\t\t\t\t\t\t\t\t<span class=\"elementor-button-text\">Ekip Listesini \u0130ndirmek i\u00e7in T\u0131klay\u0131n\u0131z<\/span>\n\t\t\t\t\t<\/span>\n\t\t\t\t\t<\/a>\n\t\t\t\t<\/div>\n\t\t\t\t\t\t\t\t<\/div>\n\t\t\t\t<\/div>\n\t\t\t\t\t<\/div>\n\t\t<\/div>\n\t\t\t\t\t<\/div>\n\t\t<\/section>\n\t\t\t\t<\/div>\n\t\t","protected":false},"excerpt":{"rendered":"<p>Ekip Listesini \u0130ndirmek i\u00e7in T\u0131klay\u0131n\u0131z<\/p>\n","protected":false},"author":1,"featured_media":1493,"parent":1576,"menu_order":0,"comment_status":"closed","ping_status":"closed","template":"","meta":{"footnotes":""},"class_list":["post-1586","page","type-page","status-publish","has-post-thumbnail","hentry"],"yoast_head":"<!-- This site is optimized with the Yoast SEO plugin v27.4 - https:\/\/yoast.com\/product\/yoast-seo-wordpress\/ -->\n<title>Our Team - TeknoPro<\/title>\n<meta name=\"robots\" content=\"index, follow, max-snippet:-1, max-image-preview:large, max-video-preview:-1\" \/>\n<link rel=\"canonical\" href=\"https:\/\/teknopro.com.tr\/hakkimizda\/ekibimiz\/\" \/>\n<meta property=\"og:locale\" content=\"en_US\" \/>\n<meta property=\"og:type\" content=\"article\" \/>\n<meta property=\"og:title\" content=\"Our Team - TeknoPro\" \/>\n<meta property=\"og:description\" content=\"Ekip Listesini \u0130ndirmek i\u00e7in T\u0131klay\u0131n\u0131z\" \/>\n<meta property=\"og:url\" content=\"https:\/\/teknopro.com.tr\/hakkimizda\/ekibimiz\/\" \/>\n<meta property=\"og:site_name\" content=\"TeknoPro\" \/>\n<meta property=\"article:modified_time\" content=\"2024-08-27T08:59:25+00:00\" \/>\n<meta property=\"og:image\" content=\"https:\/\/teknopro.com.tr\/wp-content\/uploads\/2021\/11\/teknopro-hakkimizda-ekibimiz-banner1.png\" \/>\n\t<meta property=\"og:image:width\" content=\"1920\" \/>\n\t<meta property=\"og:image:height\" content=\"319\" \/>\n\t<meta property=\"og:image:type\" content=\"image\/png\" \/>\n<meta name=\"twitter:card\" content=\"summary_large_image\" \/>\n<script type=\"application\/ld+json\" class=\"yoast-schema-graph\">{\"@context\":\"https:\\\/\\\/schema.org\",\"@graph\":[{\"@type\":\"WebPage\",\"@id\":\"https:\\\/\\\/teknopro.com.tr\\\/hakkimizda\\\/ekibimiz\\\/\",\"url\":\"https:\\\/\\\/teknopro.com.tr\\\/hakkimizda\\\/ekibimiz\\\/\",\"name\":\"Our Team - TeknoPro\",\"isPartOf\":{\"@id\":\"https:\\\/\\\/teknopro.com.tr\\\/#website\"},\"primaryImageOfPage\":{\"@id\":\"https:\\\/\\\/teknopro.com.tr\\\/hakkimizda\\\/ekibimiz\\\/#primaryimage\"},\"image\":{\"@id\":\"https:\\\/\\\/teknopro.com.tr\\\/hakkimizda\\\/ekibimiz\\\/#primaryimage\"},\"thumbnailUrl\":\"https:\\\/\\\/teknopro.com.tr\\\/wp-content\\\/uploads\\\/2021\\\/11\\\/teknopro-hakkimizda-ekibimiz-banner1.png\",\"datePublished\":\"2021-11-22T21:27:02+00:00\",\"dateModified\":\"2024-08-27T08:59:25+00:00\",\"breadcrumb\":{\"@id\":\"https:\\\/\\\/teknopro.com.tr\\\/hakkimizda\\\/ekibimiz\\\/#breadcrumb\"},\"inLanguage\":\"en-US\",\"potentialAction\":[{\"@type\":\"ReadAction\",\"target\":[\"https:\\\/\\\/teknopro.com.tr\\\/hakkimizda\\\/ekibimiz\\\/\"]}]},{\"@type\":\"ImageObject\",\"inLanguage\":\"en-US\",\"@id\":\"https:\\\/\\\/teknopro.com.tr\\\/hakkimizda\\\/ekibimiz\\\/#primaryimage\",\"url\":\"https:\\\/\\\/teknopro.com.tr\\\/wp-content\\\/uploads\\\/2021\\\/11\\\/teknopro-hakkimizda-ekibimiz-banner1.png\",\"contentUrl\":\"https:\\\/\\\/teknopro.com.tr\\\/wp-content\\\/uploads\\\/2021\\\/11\\\/teknopro-hakkimizda-ekibimiz-banner1.png\",\"width\":1920,\"height\":319},{\"@type\":\"BreadcrumbList\",\"@id\":\"https:\\\/\\\/teknopro.com.tr\\\/hakkimizda\\\/ekibimiz\\\/#breadcrumb\",\"itemListElement\":[{\"@type\":\"ListItem\",\"position\":1,\"name\":\"Home\",\"item\":\"https:\\\/\\\/teknopro.com.tr\\\/\"},{\"@type\":\"ListItem\",\"position\":2,\"name\":\"About Us\",\"item\":\"https:\\\/\\\/teknopro.com.tr\\\/hakkimizda\\\/\"},{\"@type\":\"ListItem\",\"position\":3,\"name\":\"Our Team\"}]},{\"@type\":\"WebSite\",\"@id\":\"https:\\\/\\\/teknopro.com.tr\\\/#website\",\"url\":\"https:\\\/\\\/teknopro.com.tr\\\/\",\"name\":\"TeknoPro\",\"description\":\"M\u00fchendislik ve End\u00fcstri Tesisleri \u00dcretimi A.\u015e.\",\"publisher\":{\"@id\":\"https:\\\/\\\/teknopro.com.tr\\\/#organization\"},\"potentialAction\":[{\"@type\":\"SearchAction\",\"target\":{\"@type\":\"EntryPoint\",\"urlTemplate\":\"https:\\\/\\\/teknopro.com.tr\\\/?s={search_term_string}\"},\"query-input\":{\"@type\":\"PropertyValueSpecification\",\"valueRequired\":true,\"valueName\":\"search_term_string\"}}],\"inLanguage\":\"en-US\"},{\"@type\":\"Organization\",\"@id\":\"https:\\\/\\\/teknopro.com.tr\\\/#organization\",\"name\":\"Teknopro M\u00fchendislik ve End\u00fcstri Tesisleri \u00dcretimi A.\u015e.\",\"url\":\"https:\\\/\\\/teknopro.com.tr\\\/\",\"logo\":{\"@type\":\"ImageObject\",\"inLanguage\":\"en-US\",\"@id\":\"https:\\\/\\\/teknopro.com.tr\\\/#\\\/schema\\\/logo\\\/image\\\/\",\"url\":\"https:\\\/\\\/teknopro.com.tr\\\/wp-content\\\/uploads\\\/2021\\\/11\\\/teknopro-logo.png\",\"contentUrl\":\"https:\\\/\\\/teknopro.com.tr\\\/wp-content\\\/uploads\\\/2021\\\/11\\\/teknopro-logo.png\",\"width\":252,\"height\":59,\"caption\":\"Teknopro M\u00fchendislik ve End\u00fcstri Tesisleri \u00dcretimi A.\u015e.\"},\"image\":{\"@id\":\"https:\\\/\\\/teknopro.com.tr\\\/#\\\/schema\\\/logo\\\/image\\\/\"},\"sameAs\":[\"https:\\\/\\\/www.linkedin.com\\\/company\\\/teknoproas\\\/\"]}]}<\/script>\n<!-- \/ Yoast SEO plugin. -->","yoast_head_json":{"title":"Our Team - TeknoPro","robots":{"index":"index","follow":"follow","max-snippet":"max-snippet:-1","max-image-preview":"max-image-preview:large","max-video-preview":"max-video-preview:-1"},"canonical":"https:\/\/teknopro.com.tr\/hakkimizda\/ekibimiz\/","og_locale":"en_US","og_type":"article","og_title":"Our Team - TeknoPro","og_description":"Ekip Listesini \u0130ndirmek i\u00e7in T\u0131klay\u0131n\u0131z","og_url":"https:\/\/teknopro.com.tr\/hakkimizda\/ekibimiz\/","og_site_name":"TeknoPro","article_modified_time":"2024-08-27T08:59:25+00:00","og_image":[{"width":1920,"height":319,"url":"https:\/\/teknopro.com.tr\/wp-content\/uploads\/2021\/11\/teknopro-hakkimizda-ekibimiz-banner1.png","type":"image\/png"}],"twitter_card":"summary_large_image","schema":{"@context":"https:\/\/schema.org","@graph":[{"@type":"WebPage","@id":"https:\/\/teknopro.com.tr\/hakkimizda\/ekibimiz\/","url":"https:\/\/teknopro.com.tr\/hakkimizda\/ekibimiz\/","name":"Our Team - TeknoPro","isPartOf":{"@id":"https:\/\/teknopro.com.tr\/#website"},"primaryImageOfPage":{"@id":"https:\/\/teknopro.com.tr\/hakkimizda\/ekibimiz\/#primaryimage"},"image":{"@id":"https:\/\/teknopro.com.tr\/hakkimizda\/ekibimiz\/#primaryimage"},"thumbnailUrl":"https:\/\/teknopro.com.tr\/wp-content\/uploads\/2021\/11\/teknopro-hakkimizda-ekibimiz-banner1.png","datePublished":"2021-11-22T21:27:02+00:00","dateModified":"2024-08-27T08:59:25+00:00","breadcrumb":{"@id":"https:\/\/teknopro.com.tr\/hakkimizda\/ekibimiz\/#breadcrumb"},"inLanguage":"en-US","potentialAction":[{"@type":"ReadAction","target":["https:\/\/teknopro.com.tr\/hakkimizda\/ekibimiz\/"]}]},{"@type":"ImageObject","inLanguage":"en-US","@id":"https:\/\/teknopro.com.tr\/hakkimizda\/ekibimiz\/#primaryimage","url":"https:\/\/teknopro.com.tr\/wp-content\/uploads\/2021\/11\/teknopro-hakkimizda-ekibimiz-banner1.png","contentUrl":"https:\/\/teknopro.com.tr\/wp-content\/uploads\/2021\/11\/teknopro-hakkimizda-ekibimiz-banner1.png","width":1920,"height":319},{"@type":"BreadcrumbList","@id":"https:\/\/teknopro.com.tr\/hakkimizda\/ekibimiz\/#breadcrumb","itemListElement":[{"@type":"ListItem","position":1,"name":"Home","item":"https:\/\/teknopro.com.tr\/"},{"@type":"ListItem","position":2,"name":"About Us","item":"https:\/\/teknopro.com.tr\/hakkimizda\/"},{"@type":"ListItem","position":3,"name":"Our Team"}]},{"@type":"WebSite","@id":"https:\/\/teknopro.com.tr\/#website","url":"https:\/\/teknopro.com.tr\/","name":"TeknoPro","description":"M\u00fchendislik ve End\u00fcstri Tesisleri \u00dcretimi A.\u015e.","publisher":{"@id":"https:\/\/teknopro.com.tr\/#organization"},"potentialAction":[{"@type":"SearchAction","target":{"@type":"EntryPoint","urlTemplate":"https:\/\/teknopro.com.tr\/?s={search_term_string}"},"query-input":{"@type":"PropertyValueSpecification","valueRequired":true,"valueName":"search_term_string"}}],"inLanguage":"en-US"},{"@type":"Organization","@id":"https:\/\/teknopro.com.tr\/#organization","name":"Teknopro M\u00fchendislik ve End\u00fcstri Tesisleri \u00dcretimi A.\u015e.","url":"https:\/\/teknopro.com.tr\/","logo":{"@type":"ImageObject","inLanguage":"en-US","@id":"https:\/\/teknopro.com.tr\/#\/schema\/logo\/image\/","url":"https:\/\/teknopro.com.tr\/wp-content\/uploads\/2021\/11\/teknopro-logo.png","contentUrl":"https:\/\/teknopro.com.tr\/wp-content\/uploads\/2021\/11\/teknopro-logo.png","width":252,"height":59,"caption":"Teknopro M\u00fchendislik ve End\u00fcstri Tesisleri \u00dcretimi A.\u015e."},"image":{"@id":"https:\/\/teknopro.com.tr\/#\/schema\/logo\/image\/"},"sameAs":["https:\/\/www.linkedin.com\/company\/teknoproas\/"]}]}},"_links":{"self":[{"href":"https:\/\/teknopro.com.tr\/en\/wp-json\/wp\/v2\/pages\/1586","targetHints":{"allow":["GET"]}}],"collection":[{"href":"https:\/\/teknopro.com.tr\/en\/wp-json\/wp\/v2\/pages"}],"about":[{"href":"https:\/\/teknopro.com.tr\/en\/wp-json\/wp\/v2\/types\/page"}],"author":[{"embeddable":true,"href":"https:\/\/teknopro.com.tr\/en\/wp-json\/wp\/v2\/users\/1"}],"replies":[{"embeddable":true,"href":"https:\/\/teknopro.com.tr\/en\/wp-json\/wp\/v2\/comments?post=1586"}],"version-history":[{"count":44,"href":"https:\/\/teknopro.com.tr\/en\/wp-json\/wp\/v2\/pages\/1586\/revisions"}],"predecessor-version":[{"id":2466,"href":"https:\/\/teknopro.com.tr\/en\/wp-json\/wp\/v2\/pages\/1586\/revisions\/2466"}],"up":[{"embeddable":true,"href":"https:\/\/teknopro.com.tr\/en\/wp-json\/wp\/v2\/pages\/1576"}],"wp:featuredmedia":[{"embeddable":true,"href":"https:\/\/teknopro.com.tr\/en\/wp-json\/wp\/v2\/media\/1493"}],"wp:attachment":[{"href":"https:\/\/teknopro.com.tr\/en\/wp-json\/wp\/v2\/media?parent=1586"}],"curies":[{"name":"wp","href":"https:\/\/api.w.org\/{rel}","templated":true}]}}